{"id":3,"date":"2024-04-03T17:34:29","date_gmt":"2024-04-03T15:34:29","guid":{"rendered":"http:\/\/jecopavia.it\/?page_id=3"},"modified":"2025-03-10T10:24:12","modified_gmt":"2025-03-10T09:24:12","slug":"privacy-policy","status":"publish","type":"page","link":"https:\/\/jecopavia.it\/index.php\/privacy-policy\/","title":{"rendered":"Privacy Policy e Cookie Policy"},"content":{"rendered":"\n<p>Art. 1: Titolare del trattamento dati e incaricati.<br>Ai sensi dell\u2019articolo 13 del Regolamento UE 2016\/679, General Data Protection<br>Regulation (GDPR), si informa che Junior Enterprise Consulting Pavia, P.IVA n.<br>02757020181 con sede in P.zza della Vittoria n. 15, 2700 Pavia (PV), nella<br>persona del suo legale rappresentante Michela Toselli , nata a Bentivoglio (BO), il<br>20\/05\/2000 , di seguito indicata, per brevit\u00e0, come \u201cJECO\u201d, tratter\u00e0 in qualit\u00e0<br>di Titolare del Trattamento dati, i dati personali dei soggetti destinatari della<br>presente informativa, di seguito chiamati \u201cinteressato\u201d, per le finalit\u00e0 e con i modi<br>di seguito indicati.<br>I dati di cui all\u2019art. 4 potranno, inoltre, essere trattati da eventuali Incaricati,<br>nominati dal Titolare.<br>A quest\u2019ultima categoria di soggetti potranno appartenere, in ogni caso,<br>esclusivamente i componenti del team di JECO.<br>Il titolare del trattamento \u00e8 contattabile all\u2019indirizzo di posta elettronica:<br>segreteria@jecopavia.it.<\/p>\n\n\n\n<p>Art. 2: Finalit\u00e0 del trattamento.<br>Il trattamento dei dati, raccolti su base consensuale, \u00e8 finalizzato unicamente alla<br>gestione corretta ed efficace delle procedure di reclutamento degli associati di<br>JECO.<br>\u25cf In caso di esito positivo della selezione, ed ingresso in JECO da parte<br>dell\u2019Interessato in qualit\u00e0 di associato, le presenti informazioni saranno<br>trattate al fine della gestione corrente dell\u2019associazione, come ad<br>esempio l\u2019inserimento di tutti o di alcuni di questi dati all\u2019interno del libro<br>soci o del libro alumni e l\u2019adempimento di obblighi contrattuali propri di<br>JECO.<br>\u25cf In caso di esito negativo della selezione , i dati raccolti dell\u2019Interessato<br>verranno eliminati dopo 4(quattro) mesi. In nessun caso i dati verranno<br>conservati, archiviati o utilizzati per diverse finalit\u00e0.<\/p>\n\n\n\n<p>Art. 3: Base giuridica del trattamento.<br>Limitatamente alla finalit\u00e0 del recruitment, indicata al primo comma del paragrafo<br>precedente, la base giuridica del trattamento \u00e8 l\u2019espressione del consenso<br>dell\u2019interessato ai sensi del GDPR (art. 6 par. 1 lett. a).<\/p>\n\n\n\n<p>Art. 4: Dati personali.<br>Vengono di seguito riportati i dati personali richiesti ed oggetto di tale<br>informativa:<\/p>\n\n\n\n<ul class=\"wp-block-list\">\n<li> Nome; <\/li>\n\n\n\n<li>Cognome; <\/li>\n\n\n\n<li>Data di nascita; <\/li>\n\n\n\n<li>Luogo di nascita; <\/li>\n\n\n\n<li>Codice Fiscale; <\/li>\n\n\n\n<li>Residenza; <\/li>\n\n\n\n<li>Indirizzo mail personale; <\/li>\n\n\n\n<li>Numero di telefono; <\/li>\n\n\n\n<li>Riprese videografiche e fotografiche in cui l\u2019Interessato \u00e8 presente, fornite<br>direttamente dall\u2019interessato stesso o acquisite durante le attivit\u00e0 svolte lungo il<br>percorso dell\u2019Interessato all\u2019interno dell\u2019associazione; <\/li>\n\n\n\n<li>Informazioni professionali, accademiche, attitudinali ed ogni altra informazione<br>fornite dall\u2019interessato nell\u2019ambito della compilazione dei moduli di candidatura.<\/li>\n<\/ul>\n\n\n\n<p>Art. 5: Destinatari della discussione di dati personali.<br>I soggetti destinatari della comunicazione dei dati, di cui al paragrafo precedente,<br>sono unicamente il Titolare del trattamento dei dati ed eventuali Incaricati.<br>Nel caso in cui l\u2019Interessato superi con esito positivo il processo di selezione e<br>divenga associato di JECO, tali dati potranno essere anche forniti dal Titolare a<br>terze parti quali Junior Enterprises Italy (P.IVA 04986920967con sede in Via<br>Camillo Hajech n. 47, 20129, Milano), per l\u2019adempimento degli specifici obblighi<br>confederativi, od ai partner commerciali di JECO, per l\u2019adempimento di specifici<br>obblighi contrattuali, od anche ad uffici pubblici ed enti della Pubblica<br>Amministrazione, per l\u2019adempimento di specifici obblighi legali.<\/p>\n\n\n\n<p>Art. 6: Periodo di conservazione dei dati.<br>Limitatamente alla finalit\u00e0 del recruitment, di cui all\u2019art. 2, i dati trattati potranno<br>essere conservati dai destinatari, di cui al primo comma del paragrafo<br>precedente, per un periodo non superiore a 1 (uno) anno, decorrente dalla data di<br>sottoscrizione della presente informativa.<br>Limitatamente alla finalit\u00e0 di adesione dell\u2019Interessato all\u2019associazione, indicata al<br>secondo comma dell\u2019art. 2, i dati trattati potranno essere conservati dai<br>destinatari, di cui al primo comma del paragrafo precedente, per un periodo non<br>superiore a 10 (dieci) anni decorrenti dalla data del recesso dell\u2019associato<br>dall\u2019associazione.<\/p>\n\n\n\n<p><br>Art. 7: Diritti degli interessati.<br>L\u2019Interessato, ai sensi degli articoli 15 e seguenti del GDPR, ha il diritto di chiedere<br>a JECO, in qualunque momento, l\u2019accesso ai dati personali che lo riguardano, la<br>limitazione del trattamento, nonch\u00e9 la rettifica o la cancellazione degli stessi.<br>Essendo la base giuridica del presente trattamento, la necessit\u00e0 di esecuzione di<br>un contratto o il consenso dello stesso, cos\u00ec come esplicitato al paragrafo 3 della<br>presente informativa, l\u2019Interessato non ha il diritto di opposizione ai sensi degli<br>art. 21 e 22 del GDPR. Di seguito sono meglio esplicitati i relativi diritti<br>dell\u2019Interessato.<br>Revoca: limitatamente alla finalit\u00e0 del recruitment, indicata al primo comma del<br>paragrafo 2, l\u2019Interessato ha il diritto di revocare in qualsiasi momento il proprio<br>consenso, ai sensi dell\u2019art. 7 del GDPR. La revoca del consenso non pregiudica la<br>liceit\u00e0 del trattamento dei dati, basata sul consenso prima della revoca.<br>Conferma : l\u2019Interessato ha diritto, ai sensi dell\u2019art. 15 del GDPR, ad ottenere<br>conferma dal Titolare se sia in corso o meno un trattamento che riguarda i suoi<br>dati personali. In caso affermativo, l\u2019Interessato ha il diritto di richiedere<br>informazioni specifiche quali, ad esempio: le finalit\u00e0 del trattamento e le categorie<br>di dati trattati, i soggetti terzi cui tali dati sono stati o saranno comunicati, il<br>periodo di conservazione dei dati.<br>Rettifica e integrazione: l\u2019Interessato ha il diritto di rettificare i dati personali<br>errati, ed anche di integrare i dati incompleti, ai sensi dell\u2019art. 16 del GDPR.<br>Cancellazione: l\u2019Interessato ha il diritto di ottenere, ai sensi dell\u2019art. 17 del GDPR,<br>la cancellazione dei dati personali da parte del Titolare del trattamento, il<br>cosiddetto \u201cdiritto all\u2019oblio\u201d. Ci\u00f2 sar\u00e0 possibile solo alla presenza di specifici<br>motivi oggettivamente apprezzabili, quali ad esempio: l\u2019inutilit\u00e0 dei dati trattati<br>rispetto alle finalit\u00e0 per le quali sono stati raccolti, l\u2019illiceit\u00e0 del trattamento, la<br>necessit\u00e0 di cancellazione per l\u2019adempimento di un obbligo legale.<br>Limitazione: l\u2019Interessato ha il diritto, inoltre, di chiedere la limitazione del<br>trattamento<br>nei casi previsti dall\u2019art.18 del GDPR, ovvero in caso di inesattezza dei dati trattati,<br>in caso di illiceit\u00e0 del trattamento con contestuale interesse alla prosecuzione in<br>maniera limitata dello stesso da parte dell\u2019Interessato, in caso di necessit\u00e0 dei<br>dati per l\u2019Interessato per finalit\u00e0 processuali, in caso di pendenza del<br>procedimento di opposizione al trattamento.<br>Copia dei dati: l\u2019interessato ha il diritto a ottenere una copia dei dati che lo<br>riguardano,in un formato strutturato di uso comune (es. \u201cpdf\u201d) e leggibile da<br>dispositivo automatico, nei casi previsti dall\u2019art.20 del GDPR.<\/p>\n\n\n\n<p>Avviso violazione dei dati personali: in caso di violazione dei dati personali,<br>conseguenti a furti degli archivi, attacchi informatici, casi fortuiti ecc ., i quali<br>possano generare un rischio elevato per i diritti e le libert\u00e0 dell\u2019Interessato, come<br>ad es. la diffusione indiscriminata dei dati presso Terzi, il Titolare del trattamento<br>provveder\u00e0 ad avvisare l\u2019Interessato senza ingiustificato ritardo, sulla base di<br>quanto disposto dall\u2019art. 34 del GDPR.<br>In ogni caso l\u2019Interessato ha il diritto di proporre reclamo all\u2019Autorit\u00e0 Garante per il<br>trattamento dei dati personali, ai sensi dell\u2019art. 77 del GDPR.<\/p>\n\n\n\n<p>Art. 8: Obbligatoriet\u00e0 del trattamento.<br>Limitatamente alla finalit\u00e0 del recruitment, indicata al primo comma del paragrafo<br>2, il conferimento dei dati in questione si ritiene obbligatorio, poich\u00e9 necessario<br>allo svolgimento del corretto processo di selezione dei nuovi futuri associati di<br>JECO.<br>La mancata comunicazione dei dati o il mancato conferimento del consenso al<br>loro trattamento implica perci\u00f2 l\u2019impossibilit\u00e0 per l\u2019Interessato di poter prendere<br>parte al processo di selezione per aspiranti nuovi associati di JECO. La<br>candidatura inviata, di conseguenza, non verr\u00e0 presa in considerazione e ogni<br>dato eventualmente pervenuto a JECO verr\u00e0 eliminato senza ritardo.<br>Limitatamente alla finalit\u00e0 di adesione dell\u2019Interessato all\u2019associazione, Titolare<br>del trattamento, indicata al secondo comma del paragrafo 2, il conferimento dei<br>dati in questione si ritiene obbligatorio, in quanto, senza di esso, non sarebbe<br>possibile porre in essere l\u2019esecuzione del contratto. Qualora i dati necessari non<br>fossero forniti, si render\u00e0 impossibile eseguire compiutamente le obbligazioni<br>dedotte dallo Statuto di JECO e dagli altri contratti cui l\u2019Interessato aderisce al<br>momento dell\u2019ingresso nell\u2019associazione.<\/p>\n\n\n\n<p>Art. 9: Modifiche all\u2019informativa.<br>La presente informativa \u00e8 in vigore dal giorno 05\/03\/2025.<br>Il Titolare del trattamento si riserva la facolt\u00e0 di modificare o semplicemente<br>aggiornarne il contenuto, in parte o completamente, anche a causa di variazioni<br>della normativa applicabile.<br>In tale eventualit\u00e0, l\u2019Interessato \u00e8 tempestivamente informato delle variazioni<br>introdotte, attraverso le informazioni di contatto raccolte. Le modifiche<br>successivamente aggiunte sono vincolanti.<br>Ultimo aggiornamento: 5\/03\/2025<\/p>\n","protected":false},"excerpt":{"rendered":"<p>Art. 1: Titolare del trattamento dati e incaricati.Ai sensi dell\u2019articolo 13 del Regolamento UE 2016\/679, General Data ProtectionRegulation (GDPR), si informa che Junior Enterprise Consulting Pavia, P.IVA n.02757020181 con sede in P.zza della Vittoria n. 15, 2700 Pavia (PV), nellapersona del suo legale rappresentante Michela Toselli , nata a Bentivoglio (BO), il20\/05\/2000 , di seguito [&hellip;]<\/p>\n","protected":false},"author":1,"featured_media":0,"parent":0,"menu_order":0,"comment_status":"closed","ping_status":"open","template":"","meta":{"_acf_changed":false,"footnotes":""},"class_list":["post-3","page","type-page","status-publish","hentry"],"acf":[],"_links":{"self":[{"href":"https:\/\/jecopavia.it\/index.php\/wp-json\/wp\/v2\/pages\/3","targetHints":{"allow":["GET"]}}],"collection":[{"href":"https:\/\/jecopavia.it\/index.php\/wp-json\/wp\/v2\/pages"}],"about":[{"href":"https:\/\/jecopavia.it\/index.php\/wp-json\/wp\/v2\/types\/page"}],"author":[{"embeddable":true,"href":"https:\/\/jecopavia.it\/index.php\/wp-json\/wp\/v2\/users\/1"}],"replies":[{"embeddable":true,"href":"https:\/\/jecopavia.it\/index.php\/wp-json\/wp\/v2\/comments?post=3"}],"version-history":[{"count":2,"href":"https:\/\/jecopavia.it\/index.php\/wp-json\/wp\/v2\/pages\/3\/revisions"}],"predecessor-version":[{"id":802,"href":"https:\/\/jecopavia.it\/index.php\/wp-json\/wp\/v2\/pages\/3\/revisions\/802"}],"wp:attachment":[{"href":"https:\/\/jecopavia.it\/index.php\/wp-json\/wp\/v2\/media?parent=3"}],"curies":[{"name":"wp","href":"https:\/\/api.w.org\/{rel}","templated":true}]}}