{"id":31,"date":"2024-04-05T20:41:27","date_gmt":"2024-04-05T18:41:27","guid":{"rendered":"https:\/\/jecopavia.it\/?page_id=31"},"modified":"2025-10-25T17:44:29","modified_gmt":"2025-10-25T15:44:29","slug":"blog","status":"publish","type":"page","link":"https:\/\/jecopavia.it\/index.php\/blog\/","title":{"rendered":"BLOG"},"content":{"rendered":"\t\t<div data-elementor-type=\"wp-page\" data-elementor-id=\"31\" class=\"elementor elementor-31\" data-elementor-post-type=\"page\">\n\t\t\t\t<div class=\"elementor-element elementor-element-2149bc9 e-con-full e-flex e-con e-parent\" data-id=\"2149bc9\" data-element_type=\"container\">\n\t\t\t\t<div class=\"elementor-element elementor-element-5bf80e7 elementor-grid-3 elementor-grid-tablet-2 elementor-grid-mobile-1 elementor-posts--thumbnail-top elementor-card-shadow-yes elementor-posts__hover-gradient elementor-widget elementor-widget-posts\" data-id=\"5bf80e7\" data-element_type=\"widget\" data-settings=\"{&quot;pagination_type&quot;:&quot;numbers&quot;,&quot;cards_columns&quot;:&quot;3&quot;,&quot;cards_columns_tablet&quot;:&quot;2&quot;,&quot;cards_columns_mobile&quot;:&quot;1&quot;,&quot;cards_row_gap&quot;:{&quot;unit&quot;:&quot;px&quot;,&quot;size&quot;:35,&quot;sizes&quot;:[]},&quot;cards_row_gap_tablet&quot;:{&quot;unit&quot;:&quot;px&quot;,&quot;size&quot;:&quot;&quot;,&quot;sizes&quot;:[]},&quot;cards_row_gap_mobile&quot;:{&quot;unit&quot;:&quot;px&quot;,&quot;size&quot;:&quot;&quot;,&quot;sizes&quot;:[]}}\" data-widget_type=\"posts.cards\">\n\t\t\t\t<div class=\"elementor-widget-container\">\n\t\t\t\t\t\t\t<div class=\"elementor-posts-container elementor-posts elementor-posts--skin-cards elementor-grid\">\n\t\t\t\t<article class=\"elementor-post elementor-grid-item post-836 post type-post status-publish format-standard has-post-thumbnail hentry category-senza-categoria\">\n\t\t\t<div class=\"elementor-post__card\">\n\t\t\t\t<a class=\"elementor-post__thumbnail__link\" href=\"https:\/\/jecopavia.it\/index.php\/2025\/07\/06\/836\/\" tabindex=\"-1\" ><div class=\"elementor-post__thumbnail\"><img fetchpriority=\"high\" decoding=\"async\" width=\"223\" height=\"300\" src=\"https:\/\/jecopavia.it\/wp-content\/uploads\/2025\/07\/IMG_4502-223x300.jpeg\" class=\"attachment-medium size-medium wp-image-839\" alt=\"\" srcset=\"https:\/\/jecopavia.it\/wp-content\/uploads\/2025\/07\/IMG_4502-223x300.jpeg 223w, https:\/\/jecopavia.it\/wp-content\/uploads\/2025\/07\/IMG_4502-762x1024.jpeg 762w, https:\/\/jecopavia.it\/wp-content\/uploads\/2025\/07\/IMG_4502-768x1033.jpeg 768w, https:\/\/jecopavia.it\/wp-content\/uploads\/2025\/07\/IMG_4502-1142x1536.jpeg 1142w, https:\/\/jecopavia.it\/wp-content\/uploads\/2025\/07\/IMG_4502.jpeg 1170w\" sizes=\"(max-width: 223px) 100vw, 223px\" \/><\/div><\/a>\n\t\t\t\t<div class=\"elementor-post__text\">\n\t\t\t\t<h3 class=\"elementor-post__title\">\n\t\t\t<a href=\"https:\/\/jecopavia.it\/index.php\/2025\/07\/06\/836\/\" >\n\t\t\t\tJEIMM 2025: innovazione, condivisione e ispirazione a Torino\t\t\t<\/a>\n\t\t<\/h3>\n\t\t\t\t<div class=\"elementor-post__excerpt\">\n\t\t\t<p>JEIMM 2025: innovazione, condivisione e ispirazione a Torino Quando 300 Junior Entrepreneurs invadono Torino (con buone intenzioni) Dal 30 maggio al 1\u00b0 giugno, Torino ha ospitato uno degli appuntamenti pi\u00f9 attesi del network Junior Enterprise: il JEIMM 2025 (Junior Enterprise Italy May Meeting). Un evento che ha saputo unire formazione,<\/p>\n\t\t<\/div>\n\t\t\n\t\t<a class=\"elementor-post__read-more\" href=\"https:\/\/jecopavia.it\/index.php\/2025\/07\/06\/836\/\" aria-label=\"Read more about JEIMM 2025: innovazione, condivisione e ispirazione a Torino\" tabindex=\"-1\" >\n\t\t\tLeggi Tutto \u00bb\t\t<\/a>\n\n\t\t\t\t<\/div>\n\t\t\t\t<div class=\"elementor-post__meta-data\">\n\t\t\t\t\t<span class=\"elementor-post-author\">\n\t\t\tadmin\t\t<\/span>\n\t\t\t\t<\/div>\n\t\t\t\t\t<\/div>\n\t\t<\/article>\n\t\t\t\t<article class=\"elementor-post elementor-grid-item post-833 post type-post status-publish format-standard has-post-thumbnail hentry category-senza-categoria\">\n\t\t\t<div class=\"elementor-post__card\">\n\t\t\t\t<a class=\"elementor-post__thumbnail__link\" href=\"https:\/\/jecopavia.it\/index.php\/2025\/06\/02\/studiare-lavorare-e-non-impazzire-come-gestire-il-tempo-senza-andare-in-burnout\/\" tabindex=\"-1\" ><div class=\"elementor-post__thumbnail\"><img decoding=\"async\" width=\"300\" height=\"300\" src=\"https:\/\/jecopavia.it\/wp-content\/uploads\/2025\/06\/come-scrivere-un-blog-300x300.png\" class=\"attachment-medium size-medium wp-image-841\" alt=\"\" srcset=\"https:\/\/jecopavia.it\/wp-content\/uploads\/2025\/06\/come-scrivere-un-blog-300x300.png 300w, https:\/\/jecopavia.it\/wp-content\/uploads\/2025\/06\/come-scrivere-un-blog-1024x1024.png 1024w, https:\/\/jecopavia.it\/wp-content\/uploads\/2025\/06\/come-scrivere-un-blog-150x150.png 150w, https:\/\/jecopavia.it\/wp-content\/uploads\/2025\/06\/come-scrivere-un-blog-768x768.png 768w, https:\/\/jecopavia.it\/wp-content\/uploads\/2025\/06\/come-scrivere-un-blog.png 1080w\" sizes=\"(max-width: 300px) 100vw, 300px\" \/><\/div><\/a>\n\t\t\t\t<div class=\"elementor-post__text\">\n\t\t\t\t<h3 class=\"elementor-post__title\">\n\t\t\t<a href=\"https:\/\/jecopavia.it\/index.php\/2025\/06\/02\/studiare-lavorare-e-non-impazzire-come-gestire-il-tempo-senza-andare-in-burnout\/\" >\n\t\t\t\tStudiare, lavorare e non impazzire: come gestire il tempo senza andare in burnout\t\t\t<\/a>\n\t\t<\/h3>\n\t\t\t\t<div class=\"elementor-post__excerpt\">\n\t\t\t<p>Sempre pi\u00f9 studenti universitari svolgono lavori full-time mentre continuano il loro percorso accademico. Questa combinazione, spesso carica di ragioni economiche o di crescita professionale, porta con s\u00e9 una sfida notevole: la gestione del tempo.&nbsp; Portare avanti questi due percorsi non \u00e8 quasi mai semplice. Tra esami che si affollano nel<\/p>\n\t\t<\/div>\n\t\t\n\t\t<a class=\"elementor-post__read-more\" href=\"https:\/\/jecopavia.it\/index.php\/2025\/06\/02\/studiare-lavorare-e-non-impazzire-come-gestire-il-tempo-senza-andare-in-burnout\/\" aria-label=\"Read more about Studiare, lavorare e non impazzire: come gestire il tempo senza andare in burnout\" tabindex=\"-1\" >\n\t\t\tLeggi Tutto \u00bb\t\t<\/a>\n\n\t\t\t\t<\/div>\n\t\t\t\t<div class=\"elementor-post__meta-data\">\n\t\t\t\t\t<span class=\"elementor-post-author\">\n\t\t\tadmin\t\t<\/span>\n\t\t\t\t<\/div>\n\t\t\t\t\t<\/div>\n\t\t<\/article>\n\t\t\t\t<article class=\"elementor-post elementor-grid-item post-820 post type-post status-publish format-standard has-post-thumbnail hentry category-senza-categoria\">\n\t\t\t<div class=\"elementor-post__card\">\n\t\t\t\t<a class=\"elementor-post__thumbnail__link\" href=\"https:\/\/jecopavia.it\/index.php\/2025\/03\/31\/dietro-le-quinte-di-jeco-chi-siamo-e-perche-lo-facciamo\/\" tabindex=\"-1\" ><div class=\"elementor-post__thumbnail\"><img decoding=\"async\" width=\"300\" height=\"300\" src=\"https:\/\/jecopavia.it\/wp-content\/uploads\/2025\/03\/5996904132524492540-1-300x300.jpg\" class=\"attachment-medium size-medium wp-image-826\" alt=\"\" srcset=\"https:\/\/jecopavia.it\/wp-content\/uploads\/2025\/03\/5996904132524492540-1-300x300.jpg 300w, https:\/\/jecopavia.it\/wp-content\/uploads\/2025\/03\/5996904132524492540-1-150x150.jpg 150w, https:\/\/jecopavia.it\/wp-content\/uploads\/2025\/03\/5996904132524492540-1.jpg 500w\" sizes=\"(max-width: 300px) 100vw, 300px\" \/><\/div><\/a>\n\t\t\t\t<div class=\"elementor-post__text\">\n\t\t\t\t<h3 class=\"elementor-post__title\">\n\t\t\t<a href=\"https:\/\/jecopavia.it\/index.php\/2025\/03\/31\/dietro-le-quinte-di-jeco-chi-siamo-e-perche-lo-facciamo\/\" >\n\t\t\t\tDietro le Quinte di Jeco: Chi Siamo e Perch\u00e9 lo Facciamo\t\t\t<\/a>\n\t\t<\/h3>\n\t\t\t\t<div class=\"elementor-post__excerpt\">\n\t\t\t<p>Far parte di Jeco \u00e8 un po&#8217; come essere dentro una serie TV: ci sono alleanze, colpi di scena e anche qualche dramma, ma senza telecamere (a volte). Qui non ci limitiamo a studiare, qui mettiamo in pratica sul campo: ci occupiamo di clienti, organizziamo eventi, elaboriamo strategie e risolviamo<\/p>\n\t\t<\/div>\n\t\t\n\t\t<a class=\"elementor-post__read-more\" href=\"https:\/\/jecopavia.it\/index.php\/2025\/03\/31\/dietro-le-quinte-di-jeco-chi-siamo-e-perche-lo-facciamo\/\" aria-label=\"Read more about Dietro le Quinte di Jeco: Chi Siamo e Perch\u00e9 lo Facciamo\" tabindex=\"-1\" >\n\t\t\tLeggi Tutto \u00bb\t\t<\/a>\n\n\t\t\t\t<\/div>\n\t\t\t\t<div class=\"elementor-post__meta-data\">\n\t\t\t\t\t<span class=\"elementor-post-author\">\n\t\t\tadmin\t\t<\/span>\n\t\t\t\t<\/div>\n\t\t\t\t\t<\/div>\n\t\t<\/article>\n\t\t\t\t<article class=\"elementor-post elementor-grid-item post-626 post type-post status-publish format-standard has-post-thumbnail hentry category-fuorisede category-studenti category-universita tag-fuorisede tag-studenti tag-universita\">\n\t\t\t<div class=\"elementor-post__card\">\n\t\t\t\t<a class=\"elementor-post__thumbnail__link\" href=\"https:\/\/jecopavia.it\/index.php\/2024\/06\/08\/le-avventure-di-una-fuorisede\/\" tabindex=\"-1\" ><div class=\"elementor-post__thumbnail\"><img loading=\"lazy\" decoding=\"async\" width=\"300\" height=\"300\" src=\"https:\/\/jecopavia.it\/wp-content\/uploads\/2024\/06\/come-scrivere-un-blog-300x300.png\" class=\"attachment-medium size-medium wp-image-627\" alt=\"\" srcset=\"https:\/\/jecopavia.it\/wp-content\/uploads\/2024\/06\/come-scrivere-un-blog-300x300.png 300w, https:\/\/jecopavia.it\/wp-content\/uploads\/2024\/06\/come-scrivere-un-blog-1024x1024.png 1024w, https:\/\/jecopavia.it\/wp-content\/uploads\/2024\/06\/come-scrivere-un-blog-150x150.png 150w, https:\/\/jecopavia.it\/wp-content\/uploads\/2024\/06\/come-scrivere-un-blog-768x768.png 768w, https:\/\/jecopavia.it\/wp-content\/uploads\/2024\/06\/come-scrivere-un-blog.png 1080w\" sizes=\"(max-width: 300px) 100vw, 300px\" \/><\/div><\/a>\n\t\t\t\t<div class=\"elementor-post__text\">\n\t\t\t\t<h3 class=\"elementor-post__title\">\n\t\t\t<a href=\"https:\/\/jecopavia.it\/index.php\/2024\/06\/08\/le-avventure-di-una-fuorisede\/\" >\n\t\t\t\tLe avventure di una fuorisede\t\t\t<\/a>\n\t\t<\/h3>\n\t\t\t\t<div class=\"elementor-post__excerpt\">\n\t\t\t<p>Vivere da fuorisede \u00e8 un&#8217;esperienza che segna profondamente. Abbandonare la citt\u00e0 in cui vivi e le persone che vedi tutti i giorni per trasferirsi in una nuova citt\u00e0 dove non hai nessuna certezza o punto di riferimento rappresenta una svolta importante. Vediamo insieme i vari aspetti della vita da fuorisede e come affrontarli al meglio.<\/p>\n\t\t<\/div>\n\t\t\n\t\t<a class=\"elementor-post__read-more\" href=\"https:\/\/jecopavia.it\/index.php\/2024\/06\/08\/le-avventure-di-una-fuorisede\/\" aria-label=\"Read more about Le avventure di una fuorisede\" tabindex=\"-1\" >\n\t\t\tLeggi Tutto \u00bb\t\t<\/a>\n\n\t\t\t\t<\/div>\n\t\t\t\t<div class=\"elementor-post__meta-data\">\n\t\t\t\t\t<span class=\"elementor-post-author\">\n\t\t\tadmin\t\t<\/span>\n\t\t\t\t<\/div>\n\t\t\t\t\t<\/div>\n\t\t<\/article>\n\t\t\t\t<article class=\"elementor-post elementor-grid-item post-602 post type-post status-publish format-standard has-post-thumbnail hentry category-senza-categoria\">\n\t\t\t<div class=\"elementor-post__card\">\n\t\t\t\t<a class=\"elementor-post__thumbnail__link\" href=\"https:\/\/jecopavia.it\/index.php\/2024\/05\/24\/come-scrivere-un-blog-coinvolgente-e-di-successo-consigli-di-chi-lo-scrive-per-la-prima-volta\/\" tabindex=\"-1\" ><div class=\"elementor-post__thumbnail\"><img loading=\"lazy\" decoding=\"async\" width=\"300\" height=\"300\" src=\"https:\/\/jecopavia.it\/wp-content\/uploads\/2024\/05\/photo_5947324537592988478_y-300x300.jpg\" class=\"attachment-medium size-medium wp-image-607\" alt=\"\" srcset=\"https:\/\/jecopavia.it\/wp-content\/uploads\/2024\/05\/photo_5947324537592988478_y-300x300.jpg 300w, https:\/\/jecopavia.it\/wp-content\/uploads\/2024\/05\/photo_5947324537592988478_y-1024x1024.jpg 1024w, https:\/\/jecopavia.it\/wp-content\/uploads\/2024\/05\/photo_5947324537592988478_y-150x150.jpg 150w, https:\/\/jecopavia.it\/wp-content\/uploads\/2024\/05\/photo_5947324537592988478_y-768x768.jpg 768w, https:\/\/jecopavia.it\/wp-content\/uploads\/2024\/05\/photo_5947324537592988478_y.jpg 1080w\" sizes=\"(max-width: 300px) 100vw, 300px\" \/><\/div><\/a>\n\t\t\t\t<div class=\"elementor-post__text\">\n\t\t\t\t<h3 class=\"elementor-post__title\">\n\t\t\t<a href=\"https:\/\/jecopavia.it\/index.php\/2024\/05\/24\/come-scrivere-un-blog-coinvolgente-e-di-successo-consigli-di-chi-lo-scrive-per-la-prima-volta\/\" >\n\t\t\t\tCOME SCRIVERE UN BLOG COINVOLGENTE E DI SUCCESSO: CONSIGLI DI CHI LO SCRIVE PER LA\u00a0 PRIMA VOLTA\t\t\t<\/a>\n\t\t<\/h3>\n\t\t\t\t<div class=\"elementor-post__excerpt\">\n\t\t\t<p>Ed eccoci con un nuovo articolo!! Sono una studentessa al primo anno di magistrale e, nonostante&nbsp; io stia studiando comunicazione da ormai 4 anni, questa \u00e8 letteralmente la prima volta che mi cimento nella stesura di un blog, e vi posso assicurare che \u00e8 davvero complicato. Quando mi hanno chiesto<\/p>\n\t\t<\/div>\n\t\t\n\t\t<a class=\"elementor-post__read-more\" href=\"https:\/\/jecopavia.it\/index.php\/2024\/05\/24\/come-scrivere-un-blog-coinvolgente-e-di-successo-consigli-di-chi-lo-scrive-per-la-prima-volta\/\" aria-label=\"Read more about COME SCRIVERE UN BLOG COINVOLGENTE E DI SUCCESSO: CONSIGLI DI CHI LO SCRIVE PER LA\u00a0 PRIMA VOLTA\" tabindex=\"-1\" >\n\t\t\tLeggi Tutto \u00bb\t\t<\/a>\n\n\t\t\t\t<\/div>\n\t\t\t\t<div class=\"elementor-post__meta-data\">\n\t\t\t\t\t<span class=\"elementor-post-author\">\n\t\t\tadmin\t\t<\/span>\n\t\t\t\t<\/div>\n\t\t\t\t\t<\/div>\n\t\t<\/article>\n\t\t\t\t<article class=\"elementor-post elementor-grid-item post-574 post type-post status-publish format-standard has-post-thumbnail hentry category-senza-categoria\">\n\t\t\t<div class=\"elementor-post__card\">\n\t\t\t\t<a class=\"elementor-post__thumbnail__link\" href=\"https:\/\/jecopavia.it\/index.php\/2024\/04\/25\/perche-entrare-in-una-je\/\" tabindex=\"-1\" ><div class=\"elementor-post__thumbnail\"><img loading=\"lazy\" decoding=\"async\" width=\"300\" height=\"300\" src=\"https:\/\/jecopavia.it\/wp-content\/uploads\/2024\/04\/photo_5861866014231347445_y-300x300.jpg\" class=\"attachment-medium size-medium wp-image-577\" alt=\"\" srcset=\"https:\/\/jecopavia.it\/wp-content\/uploads\/2024\/04\/photo_5861866014231347445_y-300x300.jpg 300w, https:\/\/jecopavia.it\/wp-content\/uploads\/2024\/04\/photo_5861866014231347445_y-1024x1024.jpg 1024w, https:\/\/jecopavia.it\/wp-content\/uploads\/2024\/04\/photo_5861866014231347445_y-150x150.jpg 150w, https:\/\/jecopavia.it\/wp-content\/uploads\/2024\/04\/photo_5861866014231347445_y-768x768.jpg 768w, https:\/\/jecopavia.it\/wp-content\/uploads\/2024\/04\/photo_5861866014231347445_y.jpg 1080w\" sizes=\"(max-width: 300px) 100vw, 300px\" \/><\/div><\/a>\n\t\t\t\t<div class=\"elementor-post__text\">\n\t\t\t\t<h3 class=\"elementor-post__title\">\n\t\t\t<a href=\"https:\/\/jecopavia.it\/index.php\/2024\/04\/25\/perche-entrare-in-una-je\/\" >\n\t\t\t\tPerch\u00e9 entrare in una Je?\t\t\t<\/a>\n\t\t<\/h3>\n\t\t\t\t<div class=\"elementor-post__excerpt\">\n\t\t\t<p>Bentornati nel blog di JECO, quale primo articolo migliore per ripartire se non spiegarvi perch\u00e9 dovreste entrare in una Junior Enterprise. Che cos\u2019\u00e8 una Junior Enterprise? Una Junior Enterprise (JE) \u00e8 un&#8217;associazione non profit, gestita interamente da studenti universitari, con lo scopo di diminuire il divario esistente tra la preparazione<\/p>\n\t\t<\/div>\n\t\t\n\t\t<a class=\"elementor-post__read-more\" href=\"https:\/\/jecopavia.it\/index.php\/2024\/04\/25\/perche-entrare-in-una-je\/\" aria-label=\"Read more about Perch\u00e9 entrare in una Je?\" tabindex=\"-1\" >\n\t\t\tLeggi Tutto \u00bb\t\t<\/a>\n\n\t\t\t\t<\/div>\n\t\t\t\t<div class=\"elementor-post__meta-data\">\n\t\t\t\t\t<span class=\"elementor-post-author\">\n\t\t\tadmin\t\t<\/span>\n\t\t\t\t<\/div>\n\t\t\t\t\t<\/div>\n\t\t<\/article>\n\t\t\t\t<\/div>\n\t\t\n\t\t\t\t<div class=\"e-load-more-anchor\" data-page=\"1\" data-max-page=\"2\" data-next-page=\"https:\/\/jecopavia.it\/index.php\/wp-json\/wp\/v2\/pages\/31\/page\/2\/\"><\/div>\n\t\t\t\t<nav class=\"elementor-pagination\" aria-label=\"Paginazione\">\n\t\t\t<span aria-current=\"page\" class=\"page-numbers current\"><span class=\"elementor-screen-only\">Pagina<\/span>1<\/span>\n<a class=\"page-numbers\" href=\"https:\/\/jecopavia.it\/index.php\/wp-json\/wp\/v2\/pages\/31\/page\/2\/\"><span class=\"elementor-screen-only\">Pagina<\/span>2<\/a>\t\t<\/nav>\n\t\t\t\t\t\t<\/div>\n\t\t\t\t<\/div>\n\t\t\t\t<\/div>\n\t\t\t\t<\/div>\n\t\t","protected":false},"excerpt":{"rendered":"","protected":false},"author":1,"featured_media":0,"parent":0,"menu_order":0,"comment_status":"closed","ping_status":"closed","template":"","meta":{"_acf_changed":false,"footnotes":""},"class_list":["post-31","page","type-page","status-publish","hentry"],"acf":[],"_links":{"self":[{"href":"https:\/\/jecopavia.it\/index.php\/wp-json\/wp\/v2\/pages\/31","targetHints":{"allow":["GET"]}}],"collection":[{"href":"https:\/\/jecopavia.it\/index.php\/wp-json\/wp\/v2\/pages"}],"about":[{"href":"https:\/\/jecopavia.it\/index.php\/wp-json\/wp\/v2\/types\/page"}],"author":[{"embeddable":true,"href":"https:\/\/jecopavia.it\/index.php\/wp-json\/wp\/v2\/users\/1"}],"replies":[{"embeddable":true,"href":"https:\/\/jecopavia.it\/index.php\/wp-json\/wp\/v2\/comments?post=31"}],"version-history":[{"count":39,"href":"https:\/\/jecopavia.it\/index.php\/wp-json\/wp\/v2\/pages\/31\/revisions"}],"predecessor-version":[{"id":1239,"href":"https:\/\/jecopavia.it\/index.php\/wp-json\/wp\/v2\/pages\/31\/revisions\/1239"}],"wp:attachment":[{"href":"https:\/\/jecopavia.it\/index.php\/wp-json\/wp\/v2\/media?parent=31"}],"curies":[{"name":"wp","href":"https:\/\/api.w.org\/{rel}","templated":true}]}}